{"id":6706,"date":"2022-12-31T14:54:51","date_gmt":"2022-12-31T14:54:51","guid":{"rendered":"https:\/\/demo.vogartstudio.net\/?product=hoodie-with-logo"},"modified":"2023-01-07T11:53:00","modified_gmt":"2023-01-07T11:53:00","slug":"hoodie-with-logo","status":"publish","type":"product","link":"https:\/\/demo.vogartstudio.net\/?product=hoodie-with-logo","title":{"rendered":"SWAN"},"content":{"rendered":"<div>70&#215;100 tuval \u00fczerinde \u00e7al\u0131\u015f\u0131lm\u0131\u015ft\u0131r.<br \/>\nOrijinal \u00e7am ah\u015fap ile \u00e7er\u00e7evelenmi\u015ftir.<br \/>\nKuma\u015f \u00fczerine al\u00e7\u0131 ve akrilik uygulanm\u0131\u015ft\u0131r.<br \/>\nI\u015f\u0131k fark\u0131ndan dolay\u0131 renk tonunda de\u011fi\u015fiklik olabilir.<\/div>\n<div><\/div>\n<div><\/div>\n<div>\n<div>\n<div>\n<div title=\"Image_20230107_132111_132.jpeg\" aria-label=\"Resim, Image_20230107_132111_132.jpeg.\">\n<div><\/div>\n<\/div>\n<\/div>\n<\/div>\n<\/div>\n<div><\/div>\n","protected":false},"excerpt":{"rendered":"<p>70&#215;100 tuval \u00fczerinde \u00e7al\u0131\u015f\u0131lm\u0131\u015ft\u0131r. Orijinal \u00e7am ah\u015fap ile \u00e7er\u00e7evelenmi\u015ftir. Kuma\u015f \u00fczerine al\u00e7\u0131 ve akrilik uygulanm\u0131\u015ft\u0131r. I\u015f\u0131k fark\u0131ndan dolay\u0131 renk tonunda de\u011fi\u015fiklik olabilir.<\/p>\n","protected":false},"featured_media":6810,"comment_status":"open","ping_status":"closed","template":"","meta":{"_mi_skip_tracking":false},"product_cat":[55],"product_tag":[],"class_list":{"0":"post-6706","1":"product","2":"type-product","3":"status-publish","4":"has-post-thumbnail","6":"product_cat-gypsum-based","8":"first","9":"instock","10":"shipping-taxable","11":"purchasable","12":"product-type-simple"},"aioseo_notices":[],"featured_media_urls":{"thumbnail":["https:\/\/demo.vogartstudio.net\/wp-content\/uploads\/2023\/01\/IMG_5612-copy-e1673086869503-150x150.jpg",150,150,true],"medium":["https:\/\/demo.vogartstudio.net\/wp-content\/uploads\/2023\/01\/IMG_5612-copy-e1673086869503-300x215.jpg",300,215,true],"medium_large":["https:\/\/demo.vogartstudio.net\/wp-content\/uploads\/2023\/01\/IMG_5612-copy-e1673086869503-768x550.jpg",768,550,true],"large":["https:\/\/demo.vogartstudio.net\/wp-content\/uploads\/2023\/01\/IMG_5612-copy-e1673086869503-1024x733.jpg",950,680,true],"1536x1536":["https:\/\/demo.vogartstudio.net\/wp-content\/uploads\/2023\/01\/IMG_5612-copy-1536x1024.jpg",1536,1024,true],"2048x2048":["https:\/\/demo.vogartstudio.net\/wp-content\/uploads\/2023\/01\/IMG_5612-copy-2048x1366.jpg",2048,1366,true],"inspiro-featured-image":["https:\/\/demo.vogartstudio.net\/wp-content\/uploads\/2023\/01\/IMG_5612-copy-2000x1334.jpg",2000,1334,true],"inspiro-loop":["https:\/\/demo.vogartstudio.net\/wp-content\/uploads\/2023\/01\/IMG_5612-copy-e1673086869503-950x320.jpg",950,320,true],"inspiro-loop@2x":["https:\/\/demo.vogartstudio.net\/wp-content\/uploads\/2023\/01\/IMG_5612-copy-e1673086869503-1206x640.jpg",1206,640,true],"woocommerce_thumbnail":["https:\/\/demo.vogartstudio.net\/wp-content\/uploads\/2023\/01\/IMG_5612-copy-e1673086869503-300x225.jpg",300,225,true],"woocommerce_single":["https:\/\/demo.vogartstudio.net\/wp-content\/uploads\/2023\/01\/IMG_5612-copy-e1673086869503-600x429.jpg",600,429,true],"woocommerce_gallery_thumbnail":["https:\/\/demo.vogartstudio.net\/wp-content\/uploads\/2023\/01\/IMG_5612-copy-e1673086869503-100x100.jpg",100,100,true],"portfolio_item-thumbnail":["https:\/\/demo.vogartstudio.net\/wp-content\/uploads\/2023\/01\/IMG_5612-copy-e1673086869503-600x400.jpg",600,400,true],"portfolio_item-masonry":["https:\/\/demo.vogartstudio.net\/wp-content\/uploads\/2023\/01\/IMG_5612-copy-e1673086869503-600x429.jpg",600,429,true],"portfolio_item-thumbnail_cinema":["https:\/\/demo.vogartstudio.net\/wp-content\/uploads\/2023\/01\/IMG_5612-copy-e1673086869503-800x335.jpg",800,335,true],"portfolio_item-thumbnail_portrait":["https:\/\/demo.vogartstudio.net\/wp-content\/uploads\/2023\/01\/IMG_5612-copy-e1673086869503-600x863.jpg",600,863,true],"portfolio_item-thumbnail_square":["https:\/\/demo.vogartstudio.net\/wp-content\/uploads\/2023\/01\/IMG_5612-copy-e1673086869503-800x800.jpg",800,800,true]},"_links":{"self":[{"href":"https:\/\/demo.vogartstudio.net\/index.php?rest_route=\/wp\/v2\/product\/6706","targetHints":{"allow":["GET"]}}],"collection":[{"href":"https:\/\/demo.vogartstudio.net\/index.php?rest_route=\/wp\/v2\/product"}],"about":[{"href":"https:\/\/demo.vogartstudio.net\/index.php?rest_route=\/wp\/v2\/types\/product"}],"replies":[{"embeddable":true,"href":"https:\/\/demo.vogartstudio.net\/index.php?rest_route=%2Fwp%2Fv2%2Fcomments&post=6706"}],"wp:featuredmedia":[{"embeddable":true,"href":"https:\/\/demo.vogartstudio.net\/index.php?rest_route=\/wp\/v2\/media\/6810"}],"wp:attachment":[{"href":"https:\/\/demo.vogartstudio.net\/index.php?rest_route=%2Fwp%2Fv2%2Fmedia&parent=6706"}],"wp:term":[{"taxonomy":"product_cat","embeddable":true,"href":"https:\/\/demo.vogartstudio.net\/index.php?rest_route=%2Fwp%2Fv2%2Fproduct_cat&post=6706"},{"taxonomy":"product_tag","embeddable":true,"href":"https:\/\/demo.vogartstudio.net\/index.php?rest_route=%2Fwp%2Fv2%2Fproduct_tag&post=6706"}],"curies":[{"name":"wp","href":"https:\/\/api.w.org\/{rel}","templated":true}]}}