{"id":6838,"date":"2023-01-07T11:13:47","date_gmt":"2023-01-07T11:13:47","guid":{"rendered":"https:\/\/demo.vogartstudio.net\/?post_type=product&#038;p=6838"},"modified":"2023-01-07T11:56:38","modified_gmt":"2023-01-07T11:56:38","slug":"test-urun-kopya","status":"publish","type":"product","link":"https:\/\/demo.vogartstudio.net\/?product=test-urun-kopya","title":{"rendered":"SCARLET"},"content":{"rendered":"<p>50&#215;70 tuval \u00fczerinde \u00e7al\u0131\u015f\u0131lm\u0131\u015ft\u0131r.<br \/>\nOrijinal \u00e7am ah\u015fap ile \u00e7er\u00e7evelenmi\u015ftir.<br \/>\nKuma\u015f \u00fczerine al\u00e7\u0131 ve akrilik uygulanm\u0131\u015ft\u0131r.<br \/>\nI\u015f\u0131k fark\u0131ndan dolay\u0131 renk tonunda de\u011fi\u015fiklik olabilir.<\/p>\n","protected":false},"excerpt":{"rendered":"<p>50&#215;70 tuval \u00fczerinde \u00e7al\u0131\u015f\u0131lm\u0131\u015ft\u0131r. Orijinal \u00e7am ah\u015fap ile \u00e7er\u00e7evelenmi\u015ftir. Kuma\u015f \u00fczerine al\u00e7\u0131 ve akrilik uygulanm\u0131\u015ft\u0131r. I\u015f\u0131k fark\u0131ndan dolay\u0131 renk tonunda de\u011fi\u015fiklik olabilir.<\/p>\n","protected":false},"featured_media":6839,"comment_status":"open","ping_status":"closed","template":"","meta":{"_mi_skip_tracking":false},"product_cat":[55],"product_tag":[],"class_list":{"0":"post-6838","1":"product","2":"type-product","3":"status-publish","4":"has-post-thumbnail","6":"product_cat-gypsum-based","8":"first","9":"instock","10":"sold-individually","11":"shipping-taxable","12":"purchasable","13":"product-type-simple"},"aioseo_notices":[],"featured_media_urls":{"thumbnail":["https:\/\/demo.vogartstudio.net\/wp-content\/uploads\/2023\/01\/IMG_5591-copy-150x150.jpg",150,150,true],"medium":["https:\/\/demo.vogartstudio.net\/wp-content\/uploads\/2023\/01\/IMG_5591-copy-300x200.jpg",300,200,true],"medium_large":["https:\/\/demo.vogartstudio.net\/wp-content\/uploads\/2023\/01\/IMG_5591-copy-768x512.jpg",768,512,true],"large":["https:\/\/demo.vogartstudio.net\/wp-content\/uploads\/2023\/01\/IMG_5591-copy-1024x682.jpg",950,633,true],"1536x1536":["https:\/\/demo.vogartstudio.net\/wp-content\/uploads\/2023\/01\/IMG_5591-copy-1536x1024.jpg",1536,1024,true],"2048x2048":["https:\/\/demo.vogartstudio.net\/wp-content\/uploads\/2023\/01\/IMG_5591-copy.jpg",2042,1361,false],"inspiro-featured-image":["https:\/\/demo.vogartstudio.net\/wp-content\/uploads\/2023\/01\/IMG_5591-copy-2000x1333.jpg",2000,1333,true],"inspiro-loop":["https:\/\/demo.vogartstudio.net\/wp-content\/uploads\/2023\/01\/IMG_5591-copy-950x320.jpg",950,320,true],"inspiro-loop@2x":["https:\/\/demo.vogartstudio.net\/wp-content\/uploads\/2023\/01\/IMG_5591-copy-1900x640.jpg",1900,640,true],"woocommerce_thumbnail":["https:\/\/demo.vogartstudio.net\/wp-content\/uploads\/2023\/01\/IMG_5591-copy-300x225.jpg",300,225,true],"woocommerce_single":["https:\/\/demo.vogartstudio.net\/wp-content\/uploads\/2023\/01\/IMG_5591-copy-600x400.jpg",600,400,true],"woocommerce_gallery_thumbnail":["https:\/\/demo.vogartstudio.net\/wp-content\/uploads\/2023\/01\/IMG_5591-copy-100x100.jpg",100,100,true],"portfolio_item-thumbnail":["https:\/\/demo.vogartstudio.net\/wp-content\/uploads\/2023\/01\/IMG_5591-copy-600x400.jpg",600,400,true],"portfolio_item-masonry":["https:\/\/demo.vogartstudio.net\/wp-content\/uploads\/2023\/01\/IMG_5591-copy-600x400.jpg",600,400,true],"portfolio_item-thumbnail_cinema":["https:\/\/demo.vogartstudio.net\/wp-content\/uploads\/2023\/01\/IMG_5591-copy-800x335.jpg",800,335,true],"portfolio_item-thumbnail_portrait":["https:\/\/demo.vogartstudio.net\/wp-content\/uploads\/2023\/01\/IMG_5591-copy-600x900.jpg",600,900,true],"portfolio_item-thumbnail_square":["https:\/\/demo.vogartstudio.net\/wp-content\/uploads\/2023\/01\/IMG_5591-copy-800x800.jpg",800,800,true]},"_links":{"self":[{"href":"https:\/\/demo.vogartstudio.net\/index.php?rest_route=\/wp\/v2\/product\/6838","targetHints":{"allow":["GET"]}}],"collection":[{"href":"https:\/\/demo.vogartstudio.net\/index.php?rest_route=\/wp\/v2\/product"}],"about":[{"href":"https:\/\/demo.vogartstudio.net\/index.php?rest_route=\/wp\/v2\/types\/product"}],"replies":[{"embeddable":true,"href":"https:\/\/demo.vogartstudio.net\/index.php?rest_route=%2Fwp%2Fv2%2Fcomments&post=6838"}],"wp:featuredmedia":[{"embeddable":true,"href":"https:\/\/demo.vogartstudio.net\/index.php?rest_route=\/wp\/v2\/media\/6839"}],"wp:attachment":[{"href":"https:\/\/demo.vogartstudio.net\/index.php?rest_route=%2Fwp%2Fv2%2Fmedia&parent=6838"}],"wp:term":[{"taxonomy":"product_cat","embeddable":true,"href":"https:\/\/demo.vogartstudio.net\/index.php?rest_route=%2Fwp%2Fv2%2Fproduct_cat&post=6838"},{"taxonomy":"product_tag","embeddable":true,"href":"https:\/\/demo.vogartstudio.net\/index.php?rest_route=%2Fwp%2Fv2%2Fproduct_tag&post=6838"}],"curies":[{"name":"wp","href":"https:\/\/api.w.org\/{rel}","templated":true}]}}