{"id":6841,"date":"2023-01-07T11:42:37","date_gmt":"2023-01-07T11:42:37","guid":{"rendered":"https:\/\/demo.vogartstudio.net\/?post_type=product&#038;p=6841"},"modified":"2023-01-07T11:49:35","modified_gmt":"2023-01-07T11:49:35","slug":"arcadia","status":"publish","type":"product","link":"https:\/\/demo.vogartstudio.net\/?product=arcadia","title":{"rendered":"ARCADIA"},"content":{"rendered":"<p>50&#215;70 tuval \u00fczerinde \u00e7al\u0131\u015f\u0131lm\u0131\u015ft\u0131r.<br \/>\nOrijinal \u00e7am ah\u015fap ile \u00e7er\u00e7evelenmi\u015ftir.<br \/>\nKuma\u015f \u00fczerine al\u00e7\u0131, akrilik ve parlak vernik uygulanm\u0131\u015ft\u0131r.<br \/>\nI\u015f\u0131k fark\u0131ndan dolay\u0131 renk tonunda de\u011fi\u015fiklik olabilir.<\/p>\n","protected":false},"excerpt":{"rendered":"<p>50&#215;70 tuval \u00fczerinde \u00e7al\u0131\u015f\u0131lm\u0131\u015ft\u0131r. Orijinal \u00e7am ah\u015fap ile \u00e7er\u00e7evelenmi\u015ftir. Kuma\u015f \u00fczerine al\u00e7\u0131, akrilik ve parlak vernik uygulanm\u0131\u015ft\u0131r. I\u015f\u0131k fark\u0131ndan dolay\u0131 renk tonunda de\u011fi\u015fiklik olabilir.<\/p>\n","protected":false},"featured_media":6811,"comment_status":"open","ping_status":"closed","template":"","meta":{"_mi_skip_tracking":false},"product_cat":[55],"product_tag":[],"class_list":{"0":"post-6841","1":"product","2":"type-product","3":"status-publish","4":"has-post-thumbnail","6":"product_cat-gypsum-based","8":"first","9":"instock","10":"shipping-taxable","11":"purchasable","12":"product-type-simple"},"aioseo_notices":[],"featured_media_urls":{"thumbnail":["https:\/\/demo.vogartstudio.net\/wp-content\/uploads\/2023\/01\/IMG_5617-copy-e1673087294154-150x150.jpg",150,150,true],"medium":["https:\/\/demo.vogartstudio.net\/wp-content\/uploads\/2023\/01\/IMG_5617-copy-e1673087294154-222x300.jpg",222,300,true],"medium_large":["https:\/\/demo.vogartstudio.net\/wp-content\/uploads\/2023\/01\/IMG_5617-copy-e1673086842359-768x1018.jpg",768,1018,true],"large":["https:\/\/demo.vogartstudio.net\/wp-content\/uploads\/2023\/01\/IMG_5617-copy-e1673086842359-773x1024.jpg",773,1024,true],"1536x1536":["https:\/\/demo.vogartstudio.net\/wp-content\/uploads\/2023\/01\/IMG_5617-copy-1536x1024.jpg",1536,1024,true],"2048x2048":["https:\/\/demo.vogartstudio.net\/wp-content\/uploads\/2023\/01\/IMG_5617-copy-e1673087294154.jpg",744,1004,false],"inspiro-featured-image":["https:\/\/demo.vogartstudio.net\/wp-content\/uploads\/2023\/01\/IMG_5617-copy-e1673087294154.jpg",744,1004,false],"inspiro-loop":["https:\/\/demo.vogartstudio.net\/wp-content\/uploads\/2023\/01\/IMG_5617-copy-e1673087294154-744x320.jpg",744,320,true],"inspiro-loop@2x":["https:\/\/demo.vogartstudio.net\/wp-content\/uploads\/2023\/01\/IMG_5617-copy-e1673087294154-744x640.jpg",744,640,true],"woocommerce_thumbnail":["https:\/\/demo.vogartstudio.net\/wp-content\/uploads\/2023\/01\/IMG_5617-copy-e1673087294154-300x225.jpg",300,225,true],"woocommerce_single":["https:\/\/demo.vogartstudio.net\/wp-content\/uploads\/2023\/01\/IMG_5617-copy-e1673087294154-600x810.jpg",600,810,true],"woocommerce_gallery_thumbnail":["https:\/\/demo.vogartstudio.net\/wp-content\/uploads\/2023\/01\/IMG_5617-copy-e1673087294154-100x100.jpg",100,100,true],"portfolio_item-thumbnail":["https:\/\/demo.vogartstudio.net\/wp-content\/uploads\/2023\/01\/IMG_5617-copy-e1673087294154-600x400.jpg",600,400,true],"portfolio_item-masonry":["https:\/\/demo.vogartstudio.net\/wp-content\/uploads\/2023\/01\/IMG_5617-copy-e1673087294154-600x810.jpg",600,810,true],"portfolio_item-thumbnail_cinema":["https:\/\/demo.vogartstudio.net\/wp-content\/uploads\/2023\/01\/IMG_5617-copy-e1673087294154-744x335.jpg",744,335,true],"portfolio_item-thumbnail_portrait":["https:\/\/demo.vogartstudio.net\/wp-content\/uploads\/2023\/01\/IMG_5617-copy-e1673087294154-600x900.jpg",600,900,true],"portfolio_item-thumbnail_square":["https:\/\/demo.vogartstudio.net\/wp-content\/uploads\/2023\/01\/IMG_5617-copy-e1673087294154-744x800.jpg",744,800,true]},"_links":{"self":[{"href":"https:\/\/demo.vogartstudio.net\/index.php?rest_route=\/wp\/v2\/product\/6841","targetHints":{"allow":["GET"]}}],"collection":[{"href":"https:\/\/demo.vogartstudio.net\/index.php?rest_route=\/wp\/v2\/product"}],"about":[{"href":"https:\/\/demo.vogartstudio.net\/index.php?rest_route=\/wp\/v2\/types\/product"}],"replies":[{"embeddable":true,"href":"https:\/\/demo.vogartstudio.net\/index.php?rest_route=%2Fwp%2Fv2%2Fcomments&post=6841"}],"wp:featuredmedia":[{"embeddable":true,"href":"https:\/\/demo.vogartstudio.net\/index.php?rest_route=\/wp\/v2\/media\/6811"}],"wp:attachment":[{"href":"https:\/\/demo.vogartstudio.net\/index.php?rest_route=%2Fwp%2Fv2%2Fmedia&parent=6841"}],"wp:term":[{"taxonomy":"product_cat","embeddable":true,"href":"https:\/\/demo.vogartstudio.net\/index.php?rest_route=%2Fwp%2Fv2%2Fproduct_cat&post=6841"},{"taxonomy":"product_tag","embeddable":true,"href":"https:\/\/demo.vogartstudio.net\/index.php?rest_route=%2Fwp%2Fv2%2Fproduct_tag&post=6841"}],"curies":[{"name":"wp","href":"https:\/\/api.w.org\/{rel}","templated":true}]}}